{"id":1951,"date":"2024-09-10T18:37:28","date_gmt":"2024-09-10T18:37:28","guid":{"rendered":"https:\/\/staging.tropicaltijuana.com\/?page_id=1951"},"modified":"2025-09-16T02:02:21","modified_gmt":"2025-09-16T02:02:21","slug":"vip-services","status":"publish","type":"page","link":"https:\/\/stg-laschavelasbarmx.hktijuana.com\/index.php\/vip-services\/","title":{"rendered":"SERVICIO DE VIP"},"content":{"rendered":"<style type=\"text\/css\"> \n#cmsmasters_row_69dff4fb2e44b0_57578745 { \n\tbackground-color:#151414;\n} \n\n#cmsmasters_row_69dff4fb2e44b0_57578745 .cmsmasters_row_outer_parent { \n\tpadding-top: 50px; \n} \n\n#cmsmasters_row_69dff4fb2e44b0_57578745 .cmsmasters_row_outer_parent { \n\tpadding-bottom: 50px; \n} \n\n \n#cmsmasters_heading_69dff4fb2e6aa7_76528268 { \n\ttext-align:center; \n\tmargin-top:0px; \n\tmargin-bottom:20px; \n} \n\n#cmsmasters_heading_69dff4fb2e6aa7_76528268 .cmsmasters_heading { \n\ttext-align:center; \n} \n\n#cmsmasters_heading_69dff4fb2e6aa7_76528268 .cmsmasters_heading, #cmsmasters_heading_69dff4fb2e6aa7_76528268 .cmsmasters_heading a { \n\tfont-weight:normal; \n\tfont-style:normal; \n\tcolor:#ffffff;\n} \n\n#cmsmasters_heading_69dff4fb2e6aa7_76528268 .cmsmasters_heading_divider { \n} \n\n \n#cmsmasters_row_69dff4fb2e79b2_14344960 .cmsmasters_row_outer_parent { \n\tpadding-top: 0px; \n} \n\n#cmsmasters_row_69dff4fb2e79b2_14344960 .cmsmasters_row_outer_parent { \n\tpadding-bottom: 75px; \n} \n\n \n\n#cmsmasters_fb_69dff4fb2e91d1_92631489 { \n\tbackground-color:#202331;\n\tbackground-image: url(https:\/\/stg-laschavelasbarmx.hktijuana.com\/wp-content\/uploads\/Web-Graphics\/VipBackground-Chavelas.jpg); \n\tbackground-position: top left; \n\tbackground-repeat: no-repeat; \n\tbackground-attachment: scroll; \n\tbackground-size: auto; \n} \n\n#cmsmasters_fb_69dff4fb2e91d1_92631489 .featured_block_inner { \n\twidth: 30%; \n\tpadding: ; \n\ttext-align: center; \n\tfloat:right; \n\tbackground-color:#5c181a;\n} \n\n#cmsmasters_fb_69dff4fb2e91d1_92631489 .featured_block_text { \n\ttext-align: center; \n} \n\n \n#cmsmasters_row_69dff4fb2eda81_47142314 .cmsmasters_row_outer_parent { \n\tpadding-top: 50px; \n} \n\n#cmsmasters_row_69dff4fb2eda81_47142314 .cmsmasters_row_outer_parent { \n\tpadding-bottom: 50px; \n} \n\n\n#cmsmasters_button_69dff4fb2ef0c2_19567076 { \n\tfloat:left; \n} \n\n#cmsmasters_button_69dff4fb2ef0c2_19567076 .cmsmasters_button:before { \n\tmargin-right:.5em; \n\tmargin-left:0; \n\tvertical-align:baseline; \n} \n\n#cmsmasters_button_69dff4fb2ef0c2_19567076 .cmsmasters_button { \n\tfont-weight:normal; \n\tfont-style:normal; \n\tborder-style:solid; \n\tbackground-color:#9e0000;\n\tcolor:#ffffff;\n\tborder-color:#9e0000;\n} \n#cmsmasters_button_69dff4fb2ef0c2_19567076 .cmsmasters_button:hover { \n} \n \n#cmsmasters_row_69dff4fb2ef3d0_48005065 .cmsmasters_row_outer_parent { \n\tpadding-top: 50px; \n} \n\n#cmsmasters_row_69dff4fb2ef3d0_48005065 .cmsmasters_row_outer_parent { \n\tpadding-bottom: 50px; \n} \n\n \n#cmsmasters_row_69dff4fb2f5cc5_52130965 { \n\tbackground-image: url(https:\/\/stg-laschavelasbarmx.hktijuana.com\/wp-content\/uploads\/Web-Graphics\/Background-Siete-2.jpg); \n\tbackground-position: center center; \n\tbackground-repeat: no-repeat; \n\tbackground-attachment: scroll; \n\tbackground-size: cover; \n} \n\n#cmsmasters_row_69dff4fb2f5cc5_52130965 .cmsmasters_row_outer_parent { \n\tpadding-top: 120px; \n} \n\n#cmsmasters_row_69dff4fb2f5cc5_52130965 .cmsmasters_row_outer_parent { \n\tpadding-bottom: 80px; \n} \n\n\n#cmsmasters_button_69dff4fb2f9a58_10837366 { \n\ttext-align:center; \n} \n\n#cmsmasters_button_69dff4fb2f9a58_10837366 .cmsmasters_button:before { \n\tmargin-right:.5em; \n\tmargin-left:0; \n\tvertical-align:baseline; \n} \n\n#cmsmasters_button_69dff4fb2f9a58_10837366 .cmsmasters_button { \n\tfont-weight:bold; \n\tfont-style:normal; \n\tborder-style:solid; \n\tcolor:#ffffff;\n\tborder-color:#ffffff;\n} \n#cmsmasters_button_69dff4fb2f9a58_10837366 .cmsmasters_button:hover { \n\tcolor:#9e0000;\n\tborder-color:#9e0000;\n} \n<\/style><div id=\"cmsmasters_row_69dff4fb2e1d53_67271257\" class=\"cmsmasters_row cmsmasters_color_scheme_default cmsmasters_row_top_default cmsmasters_row_bot_default cmsmasters_row_boxed\">\n<div class=\"cmsmasters_row_outer_parent\">\n<div class=\"cmsmasters_row_outer\">\n<div class=\"cmsmasters_row_inner\">\n<div class=\"cmsmasters_row_margin\">\n<div class=\"cmsmasters_column one_first\">\n<div class=\"cmsmasters_text\">\n<p><\/p>\n<\/div>\n<\/div>\n<\/div>\n<\/div>\n<\/div>\n<\/div>\n<\/div>\n<div id=\"cmsmasters_row_69dff4fb2e44b0_57578745\" class=\"cmsmasters_row cmsmasters_color_scheme_default cmsmasters_row_top_default cmsmasters_row_bot_default cmsmasters_row_boxed\">\n<div class=\"cmsmasters_row_outer_parent\">\n<div class=\"cmsmasters_row_outer\">\n<div class=\"cmsmasters_row_inner\">\n<div class=\"cmsmasters_row_margin\">\n<div class=\"cmsmasters_column one_first\">\n\n<div id=\"cmsmasters_heading_69dff4fb2e6aa7_76528268\" class=\"cmsmasters_heading_wrap cmsmasters_heading_align_center\">\n\t<h2 class=\"cmsmasters_heading\">PUEDES DISFRUTAR DE LAS CHAVELAS COMO UN VIP<\/h2>\n<\/div><div class=\"cmsmasters_text\">\n<p style=\"text-align: center; color: white; line-height: 2; font-size: 20px;\">Pide m\u00e1s detalles al gerente<\/p>\n<\/div>\n<\/div>\n<\/div>\n<\/div>\n<\/div>\n<\/div>\n<\/div>\n<div id=\"cmsmasters_row_69dff4fb2e7195_29114966\" class=\"cmsmasters_row cmsmasters_color_scheme_default cmsmasters_row_top_default cmsmasters_row_bot_default cmsmasters_row_boxed\">\n<div class=\"cmsmasters_row_outer_parent\">\n<div class=\"cmsmasters_row_outer\">\n<div class=\"cmsmasters_row_inner\">\n<div class=\"cmsmasters_row_margin\">\n<div class=\"cmsmasters_column one_first\">\n<div class=\"cmsmasters_text\">\n<p><\/p>\n<\/div>\n<\/div>\n<\/div>\n<\/div>\n<\/div>\n<\/div>\n<\/div>\n<div id=\"cmsmasters_row_69dff4fb2e79b2_14344960\" class=\"cmsmasters_row cmsmasters_color_scheme_default cmsmasters_row_top_default cmsmasters_row_bot_default cmsmasters_row_boxed\">\n<div class=\"cmsmasters_row_outer_parent\">\n<div class=\"cmsmasters_row_outer\">\n<div class=\"cmsmasters_row_inner\">\n<div class=\"cmsmasters_row_margin\">\n<div class=\"cmsmasters_column one_first\">\n<div id=\"cmsmasters_fb_69dff4fb2e91d1_92631489\" class=\"cmsmasters_featured_block\">\n<div class=\"featured_block_inner\">\n<div class=\"featured_block_text\">\n<div style=\"display: flex; justify-content: center;\">\n<div style=\"color: white; font-size: 11px; width: 240px; text-align: left;\">\n<h2 style=\"color: white; text-align: left;\"><span style=\"color: #f2d390;\">LAS<\/span><br \/>\n<span style=\"color: #f2d390;\">CHAVELAS<\/span><br \/>\n<span style=\"color: #f2d390;\">VENTAJAS<\/span><\/h2>\n<ul>\n<li class=\"li1\">Sin cargo por entrada.<\/li>\n<li class=\"li1\">Primera bebida gratis.<\/li>\n<li class=\"li1\">50 % de descuento en bailes privados.<\/li>\n<li class=\"li1\">Acceso a la sala VIP.<\/li>\n<li class=\"li1\">Mesero Personal.<\/li>\n<li class=\"li1\">Transporte gratuito en la frontera.<\/li>\n<li class=\"li1\">Estacionamiento Seguro Gratuito.<\/li>\n<li class=\"li1\">Para visitantes habituales que cumplan los requisitos.<\/li>\n<\/ul>\n<p>&nbsp;<\/p>\n<p>\u00a1PREGUNTE AL SERVICIO DE ATENCI\u00d3N AL CLIENTE!<\/p>\n<\/div>\n<\/div>\n<\/div>\n<\/div>\n<\/div>\n<\/div>\n<\/div>\n<\/div>\n<\/div>\n<\/div>\n<\/div>\n<div id=\"cmsmasters_row_69dff4fb2eda81_47142314\" class=\"cmsmasters_row cmsmasters_color_scheme_default cmsmasters_row_top_default cmsmasters_row_bot_default cmsmasters_row_boxed\">\n<div class=\"cmsmasters_row_outer_parent\">\n<div class=\"cmsmasters_row_outer\">\n<div class=\"cmsmasters_row_inner\">\n<div class=\"cmsmasters_row_margin\">\n<div class=\"cmsmasters_column one_first\">\n<div class=\"cmsmasters_text\">\n<h2>Recogida VIP gratuita en la frontera con Zona Shuttle<\/h2>\n<p>Zona Shuttle es nuestro servicio de transporte GRATUITO que le llevar\u00e1 a Las Chavelas y de vuelta a la frontera con Estados Unidos. Seguro, r\u00e1pido y gratuito. Tambi\u00e9n prestamos servicio a los clientes de Hong Kong, Las Tropical Bar, Hotel Cascadas y Hotel Riza de Oro. B\u00fasquenos despu\u00e9s de cruzar el paso fronterizo East.<\/p>\n<\/div>\n\n<div id=\"cmsmasters_button_69dff4fb2ef0c2_19567076\" class=\"button_wrap\"><a href=\"https:\/\/www.facebook.com\/TropicalBarEnglish\/videos\/469054612736061\" class=\"cmsmasters_button\" target=\"_blank\"><span>M\u00c1S INFORMACI\u00d3N<\/span><\/a><\/div>\n<\/div>\n<\/div>\n<\/div>\n<\/div>\n<\/div>\n<\/div>\n<div id=\"cmsmasters_row_69dff4fb2ef3d0_48005065\" class=\"cmsmasters_row cmsmasters_color_scheme_default cmsmasters_row_top_default cmsmasters_row_bot_default cmsmasters_row_boxed\">\n<div class=\"cmsmasters_row_outer_parent\">\n<div class=\"cmsmasters_row_outer\">\n<div class=\"cmsmasters_row_inner\">\n<div class=\"cmsmasters_row_margin\">\n<div class=\"cmsmasters_column one_first\">\n<div class=\"cmsmasters_text\">\n<h2>Transporte a la frontera<\/h2>\n<p>\u00bfBusca transporte gratuito desde San Diego a la frontera con M\u00e9xico? hkmexpress.com le llevar\u00e1 all\u00ed con estilo a usted y a sus invitados.<\/p>\n<\/div>\n<div class=\"cmsmasters_embed_wrap\">\n<iframe loading=\"lazy\" title=\"How To Find Our Zona Shuttle At The Border!\" width=\"840\" height=\"473\" src=\"https:\/\/www.youtube.com\/embed\/IyO0GeN3G3s?feature=oembed\" frameborder=\"0\" allow=\"accelerometer; autoplay; clipboard-write; encrypted-media; gyroscope; picture-in-picture; web-share\" referrerpolicy=\"strict-origin-when-cross-origin\" allowfullscreen><\/iframe><\/div>\n<\/div>\n<\/div>\n<\/div>\n<\/div>\n<\/div>\n<\/div>\n<div id=\"cmsmasters_row_69dff4fb2f5cc5_52130965\" class=\"cmsmasters_row cmsmasters_color_scheme_default cmsmasters_row_top_default cmsmasters_row_bot_default cmsmasters_row_boxed\">\n<div class=\"cmsmasters_row_outer_parent\">\n<div class=\"cmsmasters_row_outer\">\n<div class=\"cmsmasters_row_inner\">\n<div class=\"cmsmasters_row_margin\">\n<div class=\"cmsmasters_column one_first\">\n<div class=\"cmsmasters_text\">\n<h2 style=\"text-align: center;\">\u00a1CONVI\u00c9RTASE EN VIP DE LAS CHAVELAS HOY MISMO!<\/h2>\n<p style=\"text-align: center; color: white;\">HABLE CON EL SERVICIO DE ATENCI\u00d3N AL CLIENTE<\/p>\n<div style=\"height: 40px;\"><\/div>\n<\/div>\n\n<div id=\"cmsmasters_button_69dff4fb2f9a58_10837366\" class=\"button_wrap\"><a href=\"https:\/\/stg-laschavelasbarmx.hktijuana.com\/index.php\/directions\/\" class=\"cmsmasters_button\"><span>RESERVE HOY MISMO<\/span><\/a><\/div>\n<\/div>\n<\/div>\n<\/div>\n<\/div>\n<\/div>\n<\/div>\n\n","protected":false},"excerpt":{"rendered":"","protected":false},"author":1,"featured_media":0,"parent":0,"menu_order":0,"comment_status":"closed","ping_status":"closed","template":"","meta":{"footnotes":""},"class_list":["post-1951","page","type-page","status-publish","hentry"],"_links":{"self":[{"href":"https:\/\/stg-laschavelasbarmx.hktijuana.com\/index.php\/wp-json\/wp\/v2\/pages\/1951","targetHints":{"allow":["GET"]}}],"collection":[{"href":"https:\/\/stg-laschavelasbarmx.hktijuana.com\/index.php\/wp-json\/wp\/v2\/pages"}],"about":[{"href":"https:\/\/stg-laschavelasbarmx.hktijuana.com\/index.php\/wp-json\/wp\/v2\/types\/page"}],"author":[{"embeddable":true,"href":"https:\/\/stg-laschavelasbarmx.hktijuana.com\/index.php\/wp-json\/wp\/v2\/users\/1"}],"replies":[{"embeddable":true,"href":"https:\/\/stg-laschavelasbarmx.hktijuana.com\/index.php\/wp-json\/wp\/v2\/comments?post=1951"}],"version-history":[{"count":27,"href":"https:\/\/stg-laschavelasbarmx.hktijuana.com\/index.php\/wp-json\/wp\/v2\/pages\/1951\/revisions"}],"predecessor-version":[{"id":3572,"href":"https:\/\/stg-laschavelasbarmx.hktijuana.com\/index.php\/wp-json\/wp\/v2\/pages\/1951\/revisions\/3572"}],"wp:attachment":[{"href":"https:\/\/stg-laschavelasbarmx.hktijuana.com\/index.php\/wp-json\/wp\/v2\/media?parent=1951"}],"curies":[{"name":"wp","href":"https:\/\/api.w.org\/{rel}","templated":true}]}}