{"id":1443,"date":"2024-08-17T17:15:55","date_gmt":"2024-08-17T17:15:55","guid":{"rendered":"https:\/\/staging.tropicaltijuana.com\/?page_id=1443"},"modified":"2025-09-04T22:42:49","modified_gmt":"2025-09-04T22:42:49","slug":"the-club","status":"publish","type":"page","link":"https:\/\/stg-laschavelasbarmx.hktijuana.com\/index.php\/the-club\/","title":{"rendered":"The Club"},"content":{"rendered":"<style type=\"text\/css\"> \n#cmsmasters_row_69dff4802f9f38_96609082 .cmsmasters_row_outer_parent { \n\tpadding-top: 0px; \n} \n\n#cmsmasters_row_69dff4802f9f38_96609082 .cmsmasters_row_outer_parent { \n\tpadding-bottom: 50px; \n} \n\n \n#cmsmasters_heading_69dff4802fc4d6_74023100 { \n\ttext-align:center; \n\tmargin-top:50px; \n\tmargin-bottom:50px; \n} \n\n#cmsmasters_heading_69dff4802fc4d6_74023100 .cmsmasters_heading { \n\ttext-align:center; \n} \n\n#cmsmasters_heading_69dff4802fc4d6_74023100 .cmsmasters_heading, #cmsmasters_heading_69dff4802fc4d6_74023100 .cmsmasters_heading a { \n\tfont-family:'Roboto Condensed'; \n\tfont-weight:400; \n\tfont-style:normal; \n\tcolor:#f2d390;\n} \n\n#cmsmasters_heading_69dff4802fc4d6_74023100 .cmsmasters_heading_divider { \n} \n\n \n#cmsmasters_row_69dff4802fe548_13944792 .cmsmasters_row_outer_parent { \n\tpadding-top: 0px; \n} \n\n#cmsmasters_row_69dff4802fe548_13944792 .cmsmasters_row_outer_parent { \n\tpadding-bottom: 70px; \n} \n\n \n\n#cmsmasters_fb_69dff4802ffac2_07636846 { \n\tbackground-color:#151414;\n\tbackground-image: url(https:\/\/stg-laschavelasbarmx.hktijuana.com\/wp-content\/uploads\/Web-Graphics\/AboutBackground-Chavelas.jpg); \n\tbackground-position: top left; \n\tbackground-repeat: no-repeat; \n\tbackground-attachment: scroll; \n\tbackground-size: cover; \n} \n\n#cmsmasters_fb_69dff4802ffac2_07636846 .featured_block_inner { \n\twidth: 40%; \n\tpadding: ; \n\ttext-align: center; \n\tfloat:right; \n\tbackground-color:#5c181a;\n} \n\n#cmsmasters_fb_69dff4802ffac2_07636846 .featured_block_text { \n\ttext-align: center; \n} \n\n \n#cmsmasters_row_69dff480303af3_84451517 .cmsmasters_row_outer_parent { \n\tpadding-top: 50px; \n} \n\n#cmsmasters_row_69dff480303af3_84451517 .cmsmasters_row_outer_parent { \n\tpadding-bottom: 60px; \n} \n\n\n#cmsmasters_button_69dff480305343_34438267 { \n\tfloat:left; \n} \n\n#cmsmasters_button_69dff480305343_34438267 .cmsmasters_button:before { \n\tmargin-right:.5em; \n\tmargin-left:0; \n\tvertical-align:baseline; \n} \n\n#cmsmasters_button_69dff480305343_34438267 .cmsmasters_button { \n\tfont-weight:normal; \n\tfont-style:normal; \n\tborder-style:solid; \n\tbackground-color:#9e0000;\n\tcolor:#ffffff;\n\tborder-color:#9e0000;\n} \n#cmsmasters_button_69dff480305343_34438267 .cmsmasters_button:hover { \n} \n \n#cmsmasters_row_69dff480305663_64606493 .cmsmasters_row_outer_parent { \n\tpadding-top: 50px; \n} \n\n#cmsmasters_row_69dff480305663_64606493 .cmsmasters_row_outer_parent { \n\tpadding-bottom: 60px; \n} \n\n \n#cmsmasters_row_69dff480306933_45085833 .cmsmasters_row_outer_parent { \n\tpadding-top: 0px; \n} \n\n#cmsmasters_row_69dff480306933_45085833 .cmsmasters_row_outer_parent { \n\tpadding-bottom: 50px; \n} \n\n<\/style><div id=\"cmsmasters_row_69dff4802f9f38_96609082\" class=\"cmsmasters_row cmsmasters_color_scheme_default cmsmasters_row_top_default cmsmasters_row_bot_default cmsmasters_row_boxed\">\n<div class=\"cmsmasters_row_outer_parent\">\n<div class=\"cmsmasters_row_outer\">\n<div class=\"cmsmasters_row_inner\">\n<div class=\"cmsmasters_row_margin\">\n<div class=\"cmsmasters_column one_first\">\n\n<div id=\"cmsmasters_heading_69dff4802fc4d6_74023100\" class=\"cmsmasters_heading_wrap cmsmasters_heading_align_center\">\n\t<h2 class=\"cmsmasters_heading\">UN CABARET DE M\u00daSICA EN VIVO TOTALMENTE DESNUDO<\/h2>\n<\/div><div class=\"cmsmasters_text\">\n<p style=\"text-align: center; color: white; font-size: larger;\">Disfrute de bailarinas ex\u00f3ticas de clase mundial y m\u00fasica en vivo. Servimos cerveza fr\u00eda, c\u00f3cteles, retransmisiones deportivas, fiestas privadas y mucho m\u00e1s. No encontrar\u00e1 una fiesta mejor en Tijuana. Disfrute de la intimidad de las salas VIP, el baile y la m\u00fasica en vivo casi todas las noches. \u00a1Abierto los 7 d\u00edas de la semana!<\/p>\n<\/div>\n<\/div>\n<\/div>\n<\/div>\n<\/div>\n<\/div>\n<\/div>\n<div id=\"cmsmasters_row_69dff4802fe548_13944792\" class=\"cmsmasters_row cmsmasters_color_scheme_default cmsmasters_row_top_default cmsmasters_row_bot_default cmsmasters_row_boxed\">\n<div class=\"cmsmasters_row_outer_parent\">\n<div class=\"cmsmasters_row_outer\">\n<div class=\"cmsmasters_row_inner\">\n<div class=\"cmsmasters_row_margin\">\n<div class=\"cmsmasters_column one_first\">\n<div id=\"cmsmasters_fb_69dff4802ffac2_07636846\" class=\"cmsmasters_featured_block\">\n<div class=\"featured_block_inner\">\n<div class=\"featured_block_text\">\n<div style=\"width: 250px; margin: 0 auto; text-align: left;\">\n<h2 style=\"color: white; margin-top: 40px; text-align: left;\"><span style=\"color: #f2d390;\">CHICAS SEXY<\/span><br \/>\n<span style=\"color: #f2d390;\">Y M\u00daSICA<\/span><br \/>\n<span style=\"color: #f2d390;\">EN VIVO<\/span><\/h2>\n<\/div>\n<div style=\"width: 250px; margin: 0 auto;\">\n<p style=\"color: white; text-align: left; font-size: 14px; line-height: 3;\">Las Chavelas Bar cuenta con una selecci\u00f3n de las artistas m\u00e1s bellas y sexy de M\u00e9xico todas las noches. Ven y disfruta de m\u00fasica y baile en vivo todas las noches. El bar Las Chavelas es el destino perfecto para una noche informal en la ciudad, grandes fiestas, eventos especiales o una despedida de soltero tradicional. Nuestro personal dedicado puede acomodar grupos de cualquier tama\u00f1o u ocasi\u00f3n. Ven y aprovecha nuestras numerosas ofertas y promociones en bebidas.<\/p>\n<div style=\"height: 80px;\"><\/div>\n<\/div>\n<\/div>\n<\/div>\n<\/div>\n<\/div>\n<\/div>\n<\/div>\n<\/div>\n<\/div>\n<\/div>\n<div id=\"cmsmasters_row_69dff480303af3_84451517\" class=\"cmsmasters_row cmsmasters_color_scheme_default cmsmasters_row_top_default cmsmasters_row_bot_default cmsmasters_row_boxed\">\n<div class=\"cmsmasters_row_outer_parent\">\n<div class=\"cmsmasters_row_outer\">\n<div class=\"cmsmasters_row_inner\">\n<div class=\"cmsmasters_row_margin\">\n<div class=\"cmsmasters_column one_first\">\n<div class=\"cmsmasters_text\">\n<h2><span style=\"color: #f2d390;\">HOTEL CASCADAS<\/span><\/h2>\n<p>Con una ubicaci\u00f3n privilegiada sobre Las Chavelas, el Hotel Cascadas ofrece a sus hu\u00e9spedes una combinaci\u00f3n \u00fanica de habitaciones accesibles y lujosas. *Tambi\u00e9n ofrece paquetes exclusivos para parejas bajo petici\u00f3n. Disfrute de diversas comodidades, como televisores, barras de striptease, jacuzzis e incluso camas Kama Sutra.<\/p>\n<\/div>\n\n<div id=\"cmsmasters_button_69dff480305343_34438267\" class=\"button_wrap\"><a href=\"https:\/\/hotelcascadas.com.mx\/\" class=\"cmsmasters_button\" target=\"_blank\"><span>RESERVAR AHORA<\/span><\/a><\/div>\n<\/div>\n<\/div>\n<\/div>\n<\/div>\n<\/div>\n<\/div>\n<div id=\"cmsmasters_row_69dff480305663_64606493\" class=\"cmsmasters_row cmsmasters_color_scheme_default cmsmasters_row_top_default cmsmasters_row_bot_default cmsmasters_row_boxed\">\n<div class=\"cmsmasters_row_outer_parent\">\n<div class=\"cmsmasters_row_outer\">\n<div class=\"cmsmasters_row_inner\">\n<div class=\"cmsmasters_row_margin\">\n<div class=\"cmsmasters_column one_first\">\n<div class=\"cmsmasters_text\">\n<h2><span style=\"color: #f2d390;\">TRANSPORTE GRATUITO A LA FRONTERA CON ZONA SHUTTLE<\/span><\/h2>\n<p>Disfrute de la comodidad de ZonaShuttle, un servicio gratuito que ofrece transporte seguro y r\u00e1pido desde y hacia la frontera con Estados Unidos. Este servicio tambi\u00e9n est\u00e1 disponible para los hu\u00e9spedes de Hong Kong, Las Chavelas Bar, Hotel Cascadas y Hotel Rizo de Oro.<\/p>\n<\/div>\n<\/div>\n<\/div>\n<\/div>\n<\/div>\n<\/div>\n<\/div>\n<div id=\"cmsmasters_row_69dff480306933_45085833\" class=\"cmsmasters_row cmsmasters_color_scheme_default cmsmasters_row_top_default cmsmasters_row_bot_default cmsmasters_row_boxed\">\n<div class=\"cmsmasters_row_outer_parent\">\n<div class=\"cmsmasters_row_outer\">\n<div class=\"cmsmasters_row_inner\">\n<div class=\"cmsmasters_row_margin\">\n<div class=\"cmsmasters_column one_first\">\n<div class=\"cmsmasters_embed_wrap\">\n<iframe loading=\"lazy\" title=\"How To Find Our Zona Shuttle At The Border!\" width=\"840\" height=\"473\" src=\"https:\/\/www.youtube.com\/embed\/IyO0GeN3G3s?feature=oembed\" frameborder=\"0\" allow=\"accelerometer; autoplay; clipboard-write; encrypted-media; gyroscope; picture-in-picture; web-share\" referrerpolicy=\"strict-origin-when-cross-origin\" allowfullscreen><\/iframe><\/div>\n<\/div>\n<\/div>\n<\/div>\n<\/div>\n<\/div>\n<\/div>\n\n","protected":false},"excerpt":{"rendered":"","protected":false},"author":1,"featured_media":0,"parent":0,"menu_order":0,"comment_status":"closed","ping_status":"closed","template":"","meta":{"footnotes":""},"class_list":["post-1443","page","type-page","status-publish","hentry"],"_links":{"self":[{"href":"https:\/\/stg-laschavelasbarmx.hktijuana.com\/index.php\/wp-json\/wp\/v2\/pages\/1443","targetHints":{"allow":["GET"]}}],"collection":[{"href":"https:\/\/stg-laschavelasbarmx.hktijuana.com\/index.php\/wp-json\/wp\/v2\/pages"}],"about":[{"href":"https:\/\/stg-laschavelasbarmx.hktijuana.com\/index.php\/wp-json\/wp\/v2\/types\/page"}],"author":[{"embeddable":true,"href":"https:\/\/stg-laschavelasbarmx.hktijuana.com\/index.php\/wp-json\/wp\/v2\/users\/1"}],"replies":[{"embeddable":true,"href":"https:\/\/stg-laschavelasbarmx.hktijuana.com\/index.php\/wp-json\/wp\/v2\/comments?post=1443"}],"version-history":[{"count":54,"href":"https:\/\/stg-laschavelasbarmx.hktijuana.com\/index.php\/wp-json\/wp\/v2\/pages\/1443\/revisions"}],"predecessor-version":[{"id":3483,"href":"https:\/\/stg-laschavelasbarmx.hktijuana.com\/index.php\/wp-json\/wp\/v2\/pages\/1443\/revisions\/3483"}],"wp:attachment":[{"href":"https:\/\/stg-laschavelasbarmx.hktijuana.com\/index.php\/wp-json\/wp\/v2\/media?parent=1443"}],"curies":[{"name":"wp","href":"https:\/\/api.w.org\/{rel}","templated":true}]}}