{"id":1425,"date":"2024-07-17T20:04:26","date_gmt":"2024-07-17T20:04:26","guid":{"rendered":"https:\/\/staging.tropicaltijuana.com\/?page_id=1425"},"modified":"2025-09-05T15:58:55","modified_gmt":"2025-09-05T15:58:55","slug":"directions","status":"publish","type":"page","link":"https:\/\/stg-laschavelasbarmx.hktijuana.com\/index.php\/directions\/","title":{"rendered":"Directions"},"content":{"rendered":"<style type=\"text\/css\"> \n#cmsmasters_row_69dff10c3a74a9_25673289 { \n\tbackground-color:#151414;\n} \n\n#cmsmasters_row_69dff10c3a74a9_25673289 .cmsmasters_row_outer_parent { \n\tpadding-top: 50px; \n} \n\n#cmsmasters_row_69dff10c3a74a9_25673289 .cmsmasters_row_outer_parent { \n\tpadding-bottom: 50px; \n} \n\n \n#cmsmasters_heading_69dff10c3a9a72_13139271 { \n\ttext-align:center; \n\tmargin-top:0px; \n\tmargin-bottom:20px; \n} \n\n#cmsmasters_heading_69dff10c3a9a72_13139271 .cmsmasters_heading { \n\ttext-align:center; \n} \n\n#cmsmasters_heading_69dff10c3a9a72_13139271 .cmsmasters_heading, #cmsmasters_heading_69dff10c3a9a72_13139271 .cmsmasters_heading a { \n\tfont-weight:normal; \n\tfont-style:normal; \n\tcolor:#f2d390;\n} \n\n#cmsmasters_heading_69dff10c3a9a72_13139271 .cmsmasters_heading_divider { \n} \n\n \n#cmsmasters_row_69dff10c3ab942_27310042 .cmsmasters_row_outer_parent { \n\tpadding-top: 0px; \n} \n\n#cmsmasters_row_69dff10c3ab942_27310042 .cmsmasters_row_outer_parent { \n\tpadding-bottom: 75px; \n} \n\n \n\n#cmsmasters_fb_69dff10c3ace73_85330946 { \n\tbackground-color:#202331;\n\tbackground-image: url(https:\/\/stg-laschavelasbarmx.hktijuana.com\/wp-content\/uploads\/Web-Graphics\/Map-Chavelas-v1.jpg); \n\tbackground-position: top left; \n\tbackground-repeat: no-repeat; \n\tbackground-attachment: scroll; \n\tbackground-size: cover; \n} \n\n#cmsmasters_fb_69dff10c3ace73_85330946 .featured_block_inner { \n\twidth: 30%; \n\tpadding: ; \n\ttext-align: center; \n\tfloat:right; \n\tbackground-color:#5c181a;\n} \n\n#cmsmasters_fb_69dff10c3ace73_85330946 .featured_block_text { \n\ttext-align: center; \n} \n\n \n#cmsmasters_row_69dff10c3b0ce4_58552345 { \n\tbackground-image: url(https:\/\/stg-laschavelasbarmx.hktijuana.com\/wp-content\/uploads\/Web-Graphics\/Background-Siete-Graident.jpg); \n\tbackground-position: top center; \n\tbackground-repeat: no-repeat; \n\tbackground-attachment: scroll; \n\tbackground-size: cover; \n} \n\n#cmsmasters_row_69dff10c3b0ce4_58552345 .cmsmasters_row_outer_parent { \n\tpadding-top: 50px; \n} \n\n#cmsmasters_row_69dff10c3b0ce4_58552345 .cmsmasters_row_outer_parent { \n\tpadding-bottom: 50px; \n} \n\n \n#cmsmasters_icon_69dff10c3b6d2 { \n\tdisplay:block; \n\ttext-align:center; } \n\n#cmsmasters_icon_69dff10c3b6d2 .cmsmasters_simple_icon { \n\tborder-width:0px; \n\twidth:70px; \n\theight:70px; \n\tfont-size:50px; \n\tline-height:70px; \n\ttext-align:center; \n\t-webkit-border-radius:50%; \n\tborder-radius:50%; \n\tcolor:#ffffff;} \n \n#cmsmasters_heading_69dff10c3b7c76_28267385 { \n\ttext-align:center; \n\tmargin-top:0px; \n\tmargin-bottom:20px; \n} \n\n#cmsmasters_heading_69dff10c3b7c76_28267385 .cmsmasters_heading { \n\ttext-align:center; \n} \n\n#cmsmasters_heading_69dff10c3b7c76_28267385 .cmsmasters_heading, #cmsmasters_heading_69dff10c3b7c76_28267385 .cmsmasters_heading a { \n\tfont-weight:normal; \n\tfont-style:normal; \n\tcolor:#ffffff;\n} \n\n#cmsmasters_heading_69dff10c3b7c76_28267385 .cmsmasters_heading_divider { \n} \n\n \n#cmsmasters_heading_69dff10c3b8b98_16576673 { \n\ttext-align:center; \n\tmargin-top:0px; \n\tmargin-bottom:0px; \n} \n\n#cmsmasters_heading_69dff10c3b8b98_16576673 .cmsmasters_heading { \n\ttext-align:center; \n} \n\n#cmsmasters_heading_69dff10c3b8b98_16576673 .cmsmasters_heading, #cmsmasters_heading_69dff10c3b8b98_16576673 .cmsmasters_heading a { \n\tfont-size:22px; \n\tfont-weight:600; \n\tfont-style:normal; \n} \n\n#cmsmasters_heading_69dff10c3b8b98_16576673 .cmsmasters_heading_divider { \n} \n\n \n#cmsmasters_icon_69dff10c3ba17 { \n\tdisplay:block; \n\ttext-align:center; } \n\n#cmsmasters_icon_69dff10c3ba17 .cmsmasters_simple_icon { \n\tborder-width:0px; \n\twidth:70px; \n\theight:70px; \n\tfont-size:50px; \n\tline-height:70px; \n\ttext-align:center; \n\t-webkit-border-radius:50%; \n\tborder-radius:50%; \n\tcolor:#ffffff;} \n \n#cmsmasters_heading_69dff10c3bae24_48182094 { \n\ttext-align:center; \n\tmargin-top:0px; \n\tmargin-bottom:20px; \n} \n\n#cmsmasters_heading_69dff10c3bae24_48182094 .cmsmasters_heading { \n\ttext-align:center; \n} \n\n#cmsmasters_heading_69dff10c3bae24_48182094 .cmsmasters_heading, #cmsmasters_heading_69dff10c3bae24_48182094 .cmsmasters_heading a { \n\tfont-weight:normal; \n\tfont-style:normal; \n\tcolor:#ffffff;\n} \n\n#cmsmasters_heading_69dff10c3bae24_48182094 .cmsmasters_heading_divider { \n} \n\n \n#cmsmasters_icon_69dff10c3bbe8 { \n\tdisplay:block; \n\ttext-align:center; } \n\n#cmsmasters_icon_69dff10c3bbe8 .cmsmasters_simple_icon { \n\tborder-width:0px; \n\twidth:70px; \n\theight:70px; \n\tfont-size:50px; \n\tline-height:70px; \n\ttext-align:center; \n\t-webkit-border-radius:50%; \n\tborder-radius:50%; \n\tcolor:#ffffff;} \n \n#cmsmasters_heading_69dff10c3bcae4_68092354 { \n\ttext-align:center; \n\tmargin-top:0px; \n\tmargin-bottom:20px; \n} \n\n#cmsmasters_heading_69dff10c3bcae4_68092354 .cmsmasters_heading { \n\ttext-align:center; \n} \n\n#cmsmasters_heading_69dff10c3bcae4_68092354 .cmsmasters_heading, #cmsmasters_heading_69dff10c3bcae4_68092354 .cmsmasters_heading a { \n\tfont-weight:normal; \n\tfont-style:normal; \n\tcolor:#ffffff;\n} \n\n#cmsmasters_heading_69dff10c3bcae4_68092354 .cmsmasters_heading_divider { \n} \n\n \n#cmsmasters_heading_69dff10c3bd759_34521163 { \n\ttext-align:center; \n\tmargin-top:0px; \n\tmargin-bottom:0px; \n} \n\n#cmsmasters_heading_69dff10c3bd759_34521163 .cmsmasters_heading { \n\ttext-align:center; \n} \n\n#cmsmasters_heading_69dff10c3bd759_34521163 .cmsmasters_heading, #cmsmasters_heading_69dff10c3bd759_34521163 .cmsmasters_heading a { \n\tfont-size:18px; \n\tfont-weight:600; \n\tfont-style:normal; \n} \n\n#cmsmasters_heading_69dff10c3bd759_34521163 .cmsmasters_heading_divider { \n} \n\n \n#cmsmasters_row_69dff10c3bdb57_44527892 .cmsmasters_row_outer_parent { \n\tpadding-top: 50px; \n} \n\n#cmsmasters_row_69dff10c3bdb57_44527892 .cmsmasters_row_outer_parent { \n\tpadding-bottom: 50px; \n} \n\n\n#cmsmasters_button_69dff10c3c4539_55772827 { \n\tfloat:left; \n} \n\n#cmsmasters_button_69dff10c3c4539_55772827 .cmsmasters_button:before { \n\tmargin-right:.5em; \n\tmargin-left:0; \n\tvertical-align:baseline; \n} \n\n#cmsmasters_button_69dff10c3c4539_55772827 .cmsmasters_button { \n\tfont-weight:normal; \n\tfont-style:normal; \n\tborder-style:solid; \n\tbackground-color:#9e0000;\n\tcolor:#ffffff;\n\tborder-color:#9e0000;\n} \n#cmsmasters_button_69dff10c3c4539_55772827 .cmsmasters_button:hover { \n} \n \n#cmsmasters_row_69dff10c3c4935_56378008 .cmsmasters_row_outer_parent { \n\tpadding-top: 50px; \n} \n\n#cmsmasters_row_69dff10c3c4935_56378008 .cmsmasters_row_outer_parent { \n\tpadding-bottom: 50px; \n} \n\n\n#cmsmasters_button_69dff10c3c5ed8_85183238 { \n\tfloat:left; \n} \n\n#cmsmasters_button_69dff10c3c5ed8_85183238 .cmsmasters_button:before { \n\tmargin-right:.5em; \n\tmargin-left:0; \n\tvertical-align:baseline; \n} \n\n#cmsmasters_button_69dff10c3c5ed8_85183238 .cmsmasters_button { \n\tfont-weight:normal; \n\tfont-style:normal; \n\tborder-style:solid; \n\tbackground-color:#9e0000;\n\tcolor:#ffffff;\n\tborder-color:#9e0000;\n} \n#cmsmasters_button_69dff10c3c5ed8_85183238 .cmsmasters_button:hover { \n} \n<\/style><div id=\"cmsmasters_row_69dff10c3a74a9_25673289\" class=\"cmsmasters_row cmsmasters_color_scheme_default cmsmasters_row_top_default cmsmasters_row_bot_default cmsmasters_row_boxed\">\n<div class=\"cmsmasters_row_outer_parent\">\n<div class=\"cmsmasters_row_outer\">\n<div class=\"cmsmasters_row_inner\">\n<div class=\"cmsmasters_row_margin\">\n<div class=\"cmsmasters_column one_first\">\n\n<div id=\"cmsmasters_heading_69dff10c3a9a72_13139271\" class=\"cmsmasters_heading_wrap cmsmasters_heading_align_center\">\n\t<h2 class=\"cmsmasters_heading\">Las Chavelas, en el coraz\u00f3n de la Zona Norte<\/h2>\n<\/div><div class=\"cmsmasters_text\">\n<p style=\"text-align: center; color: white; line-height: 2; font-size: 20px;\">Las Chavelas se encuentra en la mundialmente famosa Calle Coahuila, solo rivalizada por el Barrio Rojo de \u00c1msterdam. Ven a Las Chavelas en Tijuana.<\/p>\n<\/div>\n<\/div>\n<\/div>\n<\/div>\n<\/div>\n<\/div>\n<\/div>\n<div id=\"cmsmasters_row_69dff10c3ab942_27310042\" class=\"cmsmasters_row cmsmasters_color_scheme_default cmsmasters_row_top_default cmsmasters_row_bot_default cmsmasters_row_boxed\">\n<div class=\"cmsmasters_row_outer_parent\">\n<div class=\"cmsmasters_row_outer\">\n<div class=\"cmsmasters_row_inner\">\n<div class=\"cmsmasters_row_margin\">\n<div class=\"cmsmasters_column one_first\">\n<div id=\"cmsmasters_fb_69dff10c3ace73_85330946\" class=\"cmsmasters_featured_block\">\n<div class=\"featured_block_inner\">\n<div class=\"featured_block_text\">\n<h2><span style=\"font-size: 23px;\">DIRECCIONES<\/span><br \/>\n<span style=\"font-size: 23px;\">A\u00a0CHAVELAS<\/span><\/h2>\n<div style=\"width: 190px; margin: 0 auto;\">\n<p>&nbsp;<\/p>\n<p style=\"color: white; text-align: left; font-size: 14px; line-height: 2;\">Tome la 1-5 Sur hacia San Ysidro. Traiga su pasaporte, ya que los ciudadanos estadounidenses deben presentar sus pasaportes al regresar de M\u00e9xico. Simplemente cruce la frontera entre Estados Unidos y M\u00e9xico y tome nuestro servicio de transporte gratuito Zona Shuttle o un taxi r\u00e1pido hasta Las Chavelas. Si decide conducir, ofrecemos estacionamiento gratuito en Pepe&#8217;s Parking para todos los hu\u00e9spedes.<\/p>\n<p>&nbsp;<\/p>\n<\/div>\n<\/div>\n<\/div>\n<\/div>\n<\/div>\n<\/div>\n<\/div>\n<\/div>\n<\/div>\n<\/div>\n<div id=\"cmsmasters_row_69dff10c3b0ce4_58552345\" class=\"cmsmasters_row cmsmasters_color_scheme_default cmsmasters_row_top_default cmsmasters_row_bot_default cmsmasters_row_boxed\">\n<div class=\"cmsmasters_row_outer_parent\">\n<div class=\"cmsmasters_row_outer\">\n<div class=\"cmsmasters_row_inner cmsmasters_row_no_margin\">\n<div class=\"cmsmasters_row_margin\">\n<div class=\"cmsmasters_column one_third\">\n\n<div id=\"cmsmasters_icon_69dff10c3b6d2\" class=\"cmsmasters_icon_wrap\"><a href=\"tel:1-877-497-8747\"><span class=\"cmsmasters_simple_icon cmsmasters-icon-phone-4\"><\/span><\/a><\/div>\n\n<div id=\"cmsmasters_heading_69dff10c3b7c76_28267385\" class=\"cmsmasters_heading_wrap cmsmasters_heading_align_center\">\n\t<h6 class=\"cmsmasters_heading\">Tel\u00e9fono<\/h6>\n<\/div>\n<div id=\"cmsmasters_heading_69dff10c3b8b98_16576673\" class=\"cmsmasters_heading_wrap cmsmasters_heading_align_center\">\n\t<h2 class=\"cmsmasters_heading\"><a href=\"tel:1-877-497-8747\">1-877-49STRIP<\/a><\/h2>\n<\/div>\n<\/div>\n<div class=\"cmsmasters_column one_third\">\n\n<div id=\"cmsmasters_icon_69dff10c3ba17\" class=\"cmsmasters_icon_wrap\"><a href=\"https:\/\/www.google.com\/maps\/place\/Las+Chavelas+Bar\/@32.5373003,-117.0400547,76m\/data=!3m1!1e3!4m6!3m5!1s0x80d94906950216e9:0x113e8a5294231ccc!8m2!3d32.5373296!4d-117.0398316!16s%2Fg%2F11c4nzgn4s!5m1!1e2?entry=ttu&amp;g_ep=EgoyMDI1MDUxNS4xIKXMDSoASAFQAw%3D%3D\" target=\"_blank\"><span class=\"cmsmasters_simple_icon cmsmasters-icon-location-3\"><\/span><\/a><\/div>\n\n<div id=\"cmsmasters_heading_69dff10c3bae24_48182094\" class=\"cmsmasters_heading_wrap cmsmasters_heading_align_center\">\n\t<h6 class=\"cmsmasters_heading\">Direcci\u00f3n<\/h6>\n<\/div><div class=\"cmsmasters_text\">\n<h3 style=\"text-align: center; font-size: 22px;\"><a href=\"https:\/\/www.google.com\/maps\/place\/Las+Chavelas+Bar\/@32.5373003,-117.0400547,76m\/data=!3m1!1e3!4m6!3m5!1s0x80d94906950216e9:0x113e8a5294231ccc!8m2!3d32.5373296!4d-117.0398316!16s%2Fg%2F11c4nzgn4s!5m1!1e2?entry=ttu&amp;g_ep=EgoyMDI1MDUxNS4xIKXMDSoASAFQAw%3D%3D\" target=\"_blank\" rel=\"noopener\">Calle Coahuila 2900<\/a><br \/>\n<a href=\"https:\/\/www.google.com\/maps\/place\/Las+Chavelas+Bar\/@32.5373003,-117.0400547,76m\/data=!3m1!1e3!4m6!3m5!1s0x80d94906950216e9:0x113e8a5294231ccc!8m2!3d32.5373296!4d-117.0398316!16s%2Fg%2F11c4nzgn4s!5m1!1e2?entry=ttu&amp;g_ep=EgoyMDI1MDUxNS4xIKXMDSoASAFQAw%3D%3D\">Tijuana, Mexico, 22100<\/a><\/h3>\n<\/div>\n<\/div>\n<div class=\"cmsmasters_column one_third\">\n\n<div id=\"cmsmasters_icon_69dff10c3bbe8\" class=\"cmsmasters_icon_wrap\"><a href=\"mailto:contact@laschavelasbar.com\"><span class=\"cmsmasters_simple_icon cmsmasters-icon-mail-3\"><\/span><\/a><\/div>\n\n<div id=\"cmsmasters_heading_69dff10c3bcae4_68092354\" class=\"cmsmasters_heading_wrap cmsmasters_heading_align_center\">\n\t<h6 class=\"cmsmasters_heading\">E-mail<\/h6>\n<\/div>\n<div id=\"cmsmasters_heading_69dff10c3bd759_34521163\" class=\"cmsmasters_heading_wrap cmsmasters_heading_align_center\">\n\t<h2 class=\"cmsmasters_heading\"><a href=\"mailto:contact@laschavelasbar.com\">contact@laschavelasbar.com<\/a><\/h2>\n<\/div>\n<\/div>\n<\/div>\n<\/div>\n<\/div>\n<\/div>\n<\/div>\n<div id=\"cmsmasters_row_69dff10c3bdb57_44527892\" class=\"cmsmasters_row cmsmasters_color_scheme_default cmsmasters_row_top_default cmsmasters_row_bot_default cmsmasters_row_boxed\">\n<div class=\"cmsmasters_row_outer_parent\">\n<div class=\"cmsmasters_row_outer\">\n<div class=\"cmsmasters_row_inner\">\n<div class=\"cmsmasters_row_margin\">\n<div class=\"cmsmasters_column one_first\">\n<div class=\"cmsmasters_text\">\n<h2>Recogida VIP en la frontera sin transporte<\/h2>\n<p>Zona Shuttle es nuestro servicio de transporte GRATUITO que le llevar\u00e1 al bar Las Chavelas y de vuelta a la frontera con Estados Unidos. Seguro, r\u00e1pido y gratuito. Tambi\u00e9n prestamos servicio a los clientes de Hong Kong, Tropical Bar, Hotel Cascadas y Hotel Riza de Oro. B\u00fasquenos despu\u00e9s de cruzar Ped West o Ped East.<\/p>\n<\/div>\n<div class=\"cmsmasters_embed_wrap\">\n<iframe loading=\"lazy\" title=\"How To Find Our Zona Shuttle At The Border!\" width=\"840\" height=\"473\" src=\"https:\/\/www.youtube.com\/embed\/IyO0GeN3G3s?feature=oembed\" frameborder=\"0\" allow=\"accelerometer; autoplay; clipboard-write; encrypted-media; gyroscope; picture-in-picture; web-share\" referrerpolicy=\"strict-origin-when-cross-origin\" allowfullscreen><\/iframe><\/div>\n\n<div id=\"cmsmasters_button_69dff10c3c4539_55772827\" class=\"button_wrap\"><a href=\"https:\/\/www.facebook.com\/TropicalBarEnglish\/videos\/469054612736061\" class=\"cmsmasters_button cmsmasters_but_clear_styles cmsmasters_but_bg_hover\" target=\"_blank\"><span>M\u00c1S INFORMACI\u00d3N<\/span><\/a><\/div>\n<\/div>\n<\/div>\n<\/div>\n<\/div>\n<\/div>\n<\/div>\n<div id=\"cmsmasters_row_69dff10c3c4935_56378008\" class=\"cmsmasters_row cmsmasters_color_scheme_default cmsmasters_row_top_default cmsmasters_row_bot_default cmsmasters_row_boxed\">\n<div class=\"cmsmasters_row_outer_parent\">\n<div class=\"cmsmasters_row_outer\">\n<div class=\"cmsmasters_row_inner\">\n<div class=\"cmsmasters_row_margin\">\n<div class=\"cmsmasters_column one_first\">\n<div class=\"cmsmasters_text\">\n<h2>Transporte gratuito con conserje en EE. UU.<\/h2>\n<p>\u00bfBusca un transporte de primera clase desde San Diego hasta la frontera con M\u00e9xico o directamente al club? Usted y sus invitados llegar\u00e1n con estilo con hkmexpress.com.<\/p>\n<\/div>\n\n<div id=\"cmsmasters_button_69dff10c3c5ed8_85183238\" class=\"button_wrap\"><a href=\"https:\/\/www.hkmexpress.com\/\" class=\"cmsmasters_button cmsmasters_but_clear_styles cmsmasters_but_bg_hover\" target=\"_blank\"><span>M\u00c1S INFORMACI\u00d3N<\/span><\/a><\/div>\n<\/div>\n<\/div>\n<\/div>\n<\/div>\n<\/div>\n<\/div>\n\n","protected":false},"excerpt":{"rendered":"","protected":false},"author":1,"featured_media":0,"parent":0,"menu_order":0,"comment_status":"closed","ping_status":"closed","template":"","meta":{"footnotes":""},"class_list":["post-1425","page","type-page","status-publish","hentry"],"_links":{"self":[{"href":"https:\/\/stg-laschavelasbarmx.hktijuana.com\/index.php\/wp-json\/wp\/v2\/pages\/1425","targetHints":{"allow":["GET"]}}],"collection":[{"href":"https:\/\/stg-laschavelasbarmx.hktijuana.com\/index.php\/wp-json\/wp\/v2\/pages"}],"about":[{"href":"https:\/\/stg-laschavelasbarmx.hktijuana.com\/index.php\/wp-json\/wp\/v2\/types\/page"}],"author":[{"embeddable":true,"href":"https:\/\/stg-laschavelasbarmx.hktijuana.com\/index.php\/wp-json\/wp\/v2\/users\/1"}],"replies":[{"embeddable":true,"href":"https:\/\/stg-laschavelasbarmx.hktijuana.com\/index.php\/wp-json\/wp\/v2\/comments?post=1425"}],"version-history":[{"count":66,"href":"https:\/\/stg-laschavelasbarmx.hktijuana.com\/index.php\/wp-json\/wp\/v2\/pages\/1425\/revisions"}],"predecessor-version":[{"id":3515,"href":"https:\/\/stg-laschavelasbarmx.hktijuana.com\/index.php\/wp-json\/wp\/v2\/pages\/1425\/revisions\/3515"}],"wp:attachment":[{"href":"https:\/\/stg-laschavelasbarmx.hktijuana.com\/index.php\/wp-json\/wp\/v2\/media?parent=1425"}],"curies":[{"name":"wp","href":"https:\/\/api.w.org\/{rel}","templated":true}]}}